{"id":510,"date":"2018-10-19T11:05:58","date_gmt":"2018-10-19T11:05:58","guid":{"rendered":"http:\/\/estudioeusa.org\/?page_id=510"},"modified":"2021-12-28T11:32:16","modified_gmt":"2021-12-28T11:32:16","slug":"quienes-somos","status":"publish","type":"page","link":"https:\/\/estudioeusa.org\/index.php\/quienes-somos\/","title":{"rendered":"\u00bfQUI\u00c9NES SOMOS?"},"content":{"rendered":"<p>[vc_row full_width=\u00bbstretch_row_content_no_spaces\u00bb][vc_column][vc_banner_title style=\u00bbbig\u00bb color_style=\u00bblight\u00bb subtitle=\u00bbNUESTRO EQUIPO\u00bb title=\u00bbPreparados para todo\u00bb img=\u00bb724&#8243; enable_overlay=\u00bbtrue\u00bb enable_fullheight=\u00bbtrue\u00bb columns=\u00bb%5B%7B%7D%5D\u00bb][\/vc_banner_title][\/vc_column][\/vc_row][vc_row css=\u00bb.vc_custom_1540214936211{padding-top: 40px !important;}\u00bb][vc_column width=\u00bb1\/2&#8243;][vc_empty_space height=\u00bb70&#8243;][vc_counters border_size=\u00bb10px\u00bb color_figure=\u00bb#7a7a7a\u00bb numbers=\u00bb%5B%7B%22number%22%3A%22410%22%2C%22title%22%3A%22proyectos%22%7D%2C%7B%22number%22%3A%2216%22%2C%22title%22%3A%22Residencias%20y%20Hoteles%22%7D%2C%7B%22number%22%3A%229500%22%2C%22title%22%3A%22viviendas%20proyectadas%22%7D%2C%7B%22number%22%3A%2245%22%2C%22title%22%3A%22a%C3%B1os%20de%20experiencia%22%7D%5D\u00bb css=\u00bb.vc_custom_1545150942253{background-color: #8c8c8c !important;}\u00bb][\/vc_column][vc_column width=\u00bb1\/2&#8243;][vc_headings subtitle=\u00bbEL ESTUDIO\u00bb title=\u00bbEstudio EUSA\u00bb]M\u00e1s de 45 a\u00f1os de experiencia en el \u00e1mbito del Urbanismo y la Arquitectura nos avalan.<\/p>\n<p>Experiencia, renovaci\u00f3n\u00a0 e impulso creativo son las premisas del actual estudio EUSA, compuesto por un equipo pluridisciplinar de arquitectos, arquitectos t\u00e9cnicos e ingenieros, con capacidad demostrada de realizar grandes retos. Sirva este documento gr\u00e1fico como demostraci\u00f3n de lo que nos une, la creaci\u00f3n compartida y sobre todo, la Arquitectura[\/vc_headings][\/vc_column][\/vc_row][vc_row][vc_column][vc_empty_space height=\u00bb50&#8243;][vc_column_text]Eusa se constituye en 1973. Distintas etapas se han ido sucediendo hasta la actual, las iniciales con distintas redacciones de Planes Generales, Parciales y Especiales.<\/p>\n<p>Contin\u00faan etapas de desarrollo de Arquitectura, con Proyectos singulares de Rehabilitaci\u00f3n y una producci\u00f3n muy satisfactoria de proyectos de obra nueva, tanto de equipamiento y dotacionales, como terciarios, industriales y residenciales.[\/vc_column_text][\/vc_column][\/vc_row][vc_row][vc_column width=\u00bb1\/5&#8243;][vc_team image=\u00bb1305&#8243; enable_animated=\u00bbtrue\u00bb][vc_toggle title=\u00bbF\u00ba JAVIER AGUILAR VIYUELA (SOCIO)\u00bb]<strong>ARQUITECTO<\/strong><\/p>\n<ul>\n<li>\u00a0<strong>ETSAM 1977 \u00b7 <\/strong>Especialidades de Edificaci\u00f3n y Urbanismo<\/li>\n<li><strong>N\u00ba Colegiado:<\/strong> 4672<\/li>\n<li><strong>jaguilar@estudioeusa.org<\/strong><\/li>\n<li>Alem\u00e1n, ingl\u00e9s y franc\u00e9s.<\/li>\n<li>T\u00edtulos de Ingl\u00e9s y Alem\u00e1n de la Escuela Oficial de Idiomas de Madrid.<\/li>\n<\/ul>\n<p>[\/vc_toggle][\/vc_column][vc_column width=\u00bb1\/5&#8243;][vc_team image=\u00bb1304&#8243; enable_animated=\u00bbtrue\u00bb][vc_toggle title=\u00bbANTONIO L\u00d3PEZ ANDRINO (SOCIO)\u00bb]<strong>ARQUITECTO<\/strong><\/p>\n<ul>\n<li><strong>\u00a0ETSAM 1986.<\/strong> Especialidad de Edificaci\u00f3n<\/li>\n<li><strong>N\u00ba Colegiado:<\/strong> 7657<\/li>\n<li><strong>alopez@estudioeusa.org<\/strong><\/li>\n<\/ul>\n<p>[\/vc_toggle][\/vc_column][vc_column width=\u00bb1\/5&#8243;][vc_team image=\u00bb1275&#8243; enable_animated=\u00bbtrue\u00bb][vc_toggle title=\u00bbM\u00aa JOS\u00c9 GARRIDO L\u00d3PEZ (SOCIA)\u00bb]<strong>ARQUITECTO T\u00c9CNICO E INGENIERO DE LA EDIFICACI\u00d3N<br \/>\n<\/strong><\/p>\n<ul>\n<li><strong>EUATM 1988 y 2011<\/strong><\/li>\n<li><strong>N\u00ba Colegiado: <\/strong>7434<\/li>\n<li><strong>eusaat@arquired.es<\/strong><\/li>\n<\/ul>\n<p>[\/vc_toggle][\/vc_column][vc_column width=\u00bb1\/5&#8243;][vc_team image=\u00bb1272&#8243; enable_animated=\u00bbtrue\u00bb][vc_toggle title=\u00bbALBA MONTALB\u00c1N SAN SEBASTI\u00c1N\u00bb]<strong>ARQUITECTO<br \/>\n<\/strong><\/p>\n<ul>\n<li><span class=\"\">Licenciada <strong>ETSAM 2015<\/strong><\/span><\/li>\n<li>M\u00e1ster en BIM Management<\/li>\n<li>EADIC 2018<\/li>\n<li><strong>amontalban@estudioeusa.org<\/strong><\/li>\n<\/ul>\n<p>[\/vc_toggle][\/vc_column][vc_column width=\u00bb1\/5&#8243;][vc_team image=\u00bb1276&#8243; enable_animated=\u00bbtrue\u00bb][vc_toggle title=\u00bbROC\u00cdO ELVIRO LLOR\u00c9NS\u00bb]<strong>ARQUITECTO<\/strong><\/p>\n<ul>\n<li><span class=\"\">Licenciada <strong>CEU 2015<\/strong><\/span><\/li>\n<li>M\u00e1ster en metodolog\u00eda y gesti\u00f3n BIM<\/li>\n<li>ETSAM-UPM 2018<\/li>\n<\/ul>\n<blockquote class=\"\">\n<div class=\"\">\n<div class=\"WordSection1\">\n<div class=\"\"><\/div>\n<\/div>\n<\/div>\n<\/blockquote>\n<p><strong>\u00a0<\/strong>[\/vc_toggle][\/vc_column][vc_column][\/vc_column][\/vc_row][vc_row full_width=\u00bbstretch_row_content_no_spaces\u00bb equal_height=\u00bbyes\u00bb content_placement=\u00bbtop\u00bb parallax=\u00bbcontent-moving\u00bb parallax_image=\u00bb1066&#8243; parallax_speed_bg=\u00bb3&#8243; css_animation=\u00bbfadeIn\u00bb enable_ovarlay=\u00bbtrue\u00bb][vc_column][vc_banner_title style_button=\u00bbcreative\u00bb columns=\u00bb%5B%7B%7D%5D\u00bb css=\u00bb.vc_custom_1542972721277{padding-top: 70px !important;}\u00bb][\/vc_banner_title][\/vc_column][\/vc_row][vc_row][vc_column width=\u00bb1\/4&#8243;][\/vc_column][vc_column css_animation=\u00bbfadeInUp\u00bb width=\u00bb1\/2&#8243;][\/vc_column][vc_column width=\u00bb1\/4&#8243;][\/vc_column][\/vc_row][vc_row][vc_column width=\u00bb1\/2&#8243;][vc_headings subtitle=\u00bbEmpecemos un nuevo proyecto\u00bb title=\u00bbContacto\u00bb]Ahora que sabes quienes somos, est\u00e1 en tus manos contactar con nosotros. Nos encantar\u00e1 escuchar tus ideas y plantear nuevos proyectos.[\/vc_headings][\/vc_column][vc_column width=\u00bb1\/2&#8243; desctop_pt=\u00bbpadding-lg-65t\u00bb]\n<div class=\"wpcf7 no-js\" id=\"wpcf7-f1144-o1\" lang=\"es-ES\" dir=\"ltr\" data-wpcf7-id=\"1144\">\n<div class=\"screen-reader-response\"><p role=\"status\" aria-live=\"polite\" aria-atomic=\"true\"><\/p> <ul><\/ul><\/div>\n<form action=\"\/index.php\/wp-json\/wp\/v2\/pages\/510#wpcf7-f1144-o1\" method=\"post\" class=\"wpcf7-form init\" aria-label=\"Formulario de contacto\" novalidate=\"novalidate\" data-status=\"init\">\n<fieldset class=\"hidden-fields-container\"><input type=\"hidden\" name=\"_wpcf7\" value=\"1144\" \/><input type=\"hidden\" name=\"_wpcf7_version\" value=\"6.1.4\" \/><input type=\"hidden\" name=\"_wpcf7_locale\" value=\"es_ES\" \/><input type=\"hidden\" name=\"_wpcf7_unit_tag\" value=\"wpcf7-f1144-o1\" \/><input type=\"hidden\" name=\"_wpcf7_container_post\" value=\"0\" \/><input type=\"hidden\" name=\"_wpcf7_posted_data_hash\" value=\"\" \/><input type=\"hidden\" name=\"_wpcf7_recaptcha_response\" value=\"\" \/>\n<\/fieldset>\n<div id=\"responsive-form\" class=\"clearfix\">\n\t<div class=\"form-row\">\n\t\t<div class=\"column-half-uno\">\n\t\t\t<p><span class=\"wpcf7-form-control-wrap\" data-name=\"your-nombre\"><input size=\"40\" maxlength=\"400\" class=\"wpcf7-form-control wpcf7-text nombre\" aria-invalid=\"false\" placeholder=\"Nombre\" value=\"\" type=\"text\" name=\"your-nombre\" \/><\/span>\n\t\t\t<\/p>\n\t\t<\/div>\n\t\t<div class=\"column-half-dos\">\n\t\t\t<p><span class=\"wpcf7-form-control-wrap\" data-name=\"your-apellidos\"><input size=\"40\" maxlength=\"400\" class=\"wpcf7-form-control wpcf7-text apellido\" aria-invalid=\"false\" placeholder=\"Apellido\" value=\"\" type=\"text\" name=\"your-apellidos\" \/><\/span>\n\t\t\t<\/p>\n\t\t<\/div>\n\t<\/div>\n\t<div class=\"form-row\">\n\t\t<div class=\"column-full\">\n\t\t\t<p><span class=\"wpcf7-form-control-wrap\" data-name=\"your-email\"><input size=\"40\" maxlength=\"400\" class=\"wpcf7-form-control wpcf7-email wpcf7-text wpcf7-validates-as-email\" aria-invalid=\"false\" placeholder=\"Email\" value=\"\" type=\"email\" name=\"your-email\" \/><\/span>\n\t\t\t<\/p>\n\t\t<\/div>\n\t<\/div>\n\t<div class=\"form-row\">\n\t\t<div class=\"column-mensaje\">\n\t\t\t<p><span class=\"wpcf7-form-control-wrap\" data-name=\"your-mensaje\"><textarea cols=\"40\" rows=\"10\" maxlength=\"2000\" class=\"wpcf7-form-control wpcf7-textarea\" id=\"mensaje-dos\" aria-invalid=\"false\" placeholder=\"Mensaje\" name=\"your-mensaje\"><\/textarea><\/span>\n\t\t\t<\/p>\n\t\t<\/div>\n\t<\/div>\n\t<div class=\"form-row\">\n\t\t<div class=\"column-mensaje\">\n\t\t\t<p><span class=\"wpcf7-form-control-wrap\" data-name=\"acceptance-162\"><span class=\"wpcf7-form-control wpcf7-acceptance\"><span class=\"wpcf7-list-item\"><input type=\"checkbox\" name=\"acceptance-162\" value=\"1\" aria-invalid=\"false\" \/><\/span><\/span><\/span>&nbsp;&nbsp;Si\u0301, acepto la <a href='https:\/\/estudioeusa.org\/index.php\/politica-de-privacidad\/' target='_blank'>poli\u0301tica de privacidad<\/a>\n\t\t\t<\/p>\n\t\t<\/div>\n\t<\/div>\n\n\t<div class=\"form-row\" id=\"envio\">\n\t\t<div class=\"column-enviar\">\n\t\t\t<p><input class=\"wpcf7-form-control wpcf7-submit has-spinner\" type=\"submit\" value=\"Enviar\" \/>\n\t\t\t<\/p>\n\t\t<\/div>\n\t\t<div class=\"column-enviar-flecha\">\n\t\t\t<div id=\"centrar-flecha\">\n\t\t\t\t<p><i class=\"material-icons\" id=\"flecha-send\"> arrow_right_alt <\/i>\n\t\t\t\t<\/p>\n\t\t\t<\/div>\n\t\t<\/div>\n\t<\/div>\n<\/div><!--end responsive-form--><div class=\"wpcf7-response-output\" aria-hidden=\"true\"><\/div>\n<\/form>\n<\/div>\n[\/vc_column][\/vc_row]<\/p>\n","protected":false},"excerpt":{"rendered":"<p>[vc_row full_width=\u00bbstretch_row_content_no_spaces\u00bb][vc_column][vc_banner_title style=\u00bbbig\u00bb color_style=\u00bblight\u00bb subtitle=\u00bbNUESTRO EQUIPO\u00bb title=\u00bbPreparados para todo\u00bb img=\u00bb724&#8243; enable_overlay=\u00bbtrue\u00bb enable_fullheight=\u00bbtrue\u00bb columns=\u00bb%5B%7B%7D%5D\u00bb][\/vc_banner_title][\/vc_column][\/vc_row][vc_row css=\u00bb.vc_custom_1540214936211{padding-top: 40px !important;}\u00bb][vc_column width=\u00bb1\/2&#8243;][vc_empty_space height=\u00bb70&#8243;][vc_counters border_size=\u00bb10px\u00bb color_figure=\u00bb#7a7a7a\u00bb<\/p>\n","protected":false},"author":2,"featured_media":0,"parent":0,"menu_order":0,"comment_status":"closed","ping_status":"closed","template":"","meta":{"footnotes":""},"class_list":["post-510","page","type-page","status-publish","hentry"],"yoast_head":"<!-- This site is optimized with the Yoast SEO plugin v26.7 - https:\/\/yoast.com\/wordpress\/plugins\/seo\/ -->\n<title>\u00bfQUI\u00c9NES SOMOS? - Estudio EUSA<\/title>\n<meta name=\"robots\" content=\"index, follow, max-snippet:-1, max-image-preview:large, max-video-preview:-1\" \/>\n<link rel=\"canonical\" href=\"https:\/\/estudioeusa.org\/index.php\/quienes-somos\/\" \/>\n<meta property=\"og:locale\" content=\"es_ES\" \/>\n<meta property=\"og:type\" content=\"article\" \/>\n<meta property=\"og:title\" content=\"\u00bfQUI\u00c9NES SOMOS? - Estudio EUSA\" \/>\n<meta property=\"og:description\" content=\"[vc_row full_width=\u00bbstretch_row_content_no_spaces\u00bb][vc_column][vc_banner_title style=\u00bbbig\u00bb color_style=\u00bblight\u00bb subtitle=\u00bbNUESTRO EQUIPO\u00bb title=\u00bbPreparados para todo\u00bb img=\u00bb724&#8243; enable_overlay=\u00bbtrue\u00bb enable_fullheight=\u00bbtrue\u00bb columns=\u00bb%5B%7B%7D%5D\u00bb][\/vc_banner_title][\/vc_column][\/vc_row][vc_row css=\u00bb.vc_custom_1540214936211{padding-top: 40px !important;}\u00bb][vc_column width=\u00bb1\/2&#8243;][vc_empty_space height=\u00bb70&#8243;][vc_counters border_size=\u00bb10px\u00bb color_figure=\u00bb#7a7a7a\u00bb\" \/>\n<meta property=\"og:url\" content=\"https:\/\/estudioeusa.org\/index.php\/quienes-somos\/\" \/>\n<meta property=\"og:site_name\" content=\"Estudio EUSA\" \/>\n<meta property=\"article:modified_time\" content=\"2021-12-28T11:32:16+00:00\" \/>\n<meta name=\"twitter:card\" content=\"summary_large_image\" \/>\n<meta name=\"twitter:label1\" content=\"Tiempo de lectura\" \/>\n\t<meta name=\"twitter:data1\" content=\"3 minutos\" \/>\n<script type=\"application\/ld+json\" class=\"yoast-schema-graph\">{\"@context\":\"https:\/\/schema.org\",\"@graph\":[{\"@type\":\"WebPage\",\"@id\":\"https:\/\/estudioeusa.org\/index.php\/quienes-somos\/\",\"url\":\"https:\/\/estudioeusa.org\/index.php\/quienes-somos\/\",\"name\":\"\u00bfQUI\u00c9NES SOMOS? - Estudio EUSA\",\"isPartOf\":{\"@id\":\"https:\/\/estudioeusa.org\/#website\"},\"datePublished\":\"2018-10-19T11:05:58+00:00\",\"dateModified\":\"2021-12-28T11:32:16+00:00\",\"breadcrumb\":{\"@id\":\"https:\/\/estudioeusa.org\/index.php\/quienes-somos\/#breadcrumb\"},\"inLanguage\":\"es\",\"potentialAction\":[{\"@type\":\"ReadAction\",\"target\":[\"https:\/\/estudioeusa.org\/index.php\/quienes-somos\/\"]}]},{\"@type\":\"BreadcrumbList\",\"@id\":\"https:\/\/estudioeusa.org\/index.php\/quienes-somos\/#breadcrumb\",\"itemListElement\":[{\"@type\":\"ListItem\",\"position\":1,\"name\":\"Portada\",\"item\":\"https:\/\/estudioeusa.org\/\"},{\"@type\":\"ListItem\",\"position\":2,\"name\":\"\u00bfQUI\u00c9NES SOMOS?\"}]},{\"@type\":\"WebSite\",\"@id\":\"https:\/\/estudioeusa.org\/#website\",\"url\":\"https:\/\/estudioeusa.org\/\",\"name\":\"Estudio EUSA\",\"description\":\"Arquitectura y Urbanismo\",\"potentialAction\":[{\"@type\":\"SearchAction\",\"target\":{\"@type\":\"EntryPoint\",\"urlTemplate\":\"https:\/\/estudioeusa.org\/?s={search_term_string}\"},\"query-input\":{\"@type\":\"PropertyValueSpecification\",\"valueRequired\":true,\"valueName\":\"search_term_string\"}}],\"inLanguage\":\"es\"}]}<\/script>\n<!-- \/ Yoast SEO plugin. -->","yoast_head_json":{"title":"\u00bfQUI\u00c9NES SOMOS? - Estudio EUSA","robots":{"index":"index","follow":"follow","max-snippet":"max-snippet:-1","max-image-preview":"max-image-preview:large","max-video-preview":"max-video-preview:-1"},"canonical":"https:\/\/estudioeusa.org\/index.php\/quienes-somos\/","og_locale":"es_ES","og_type":"article","og_title":"\u00bfQUI\u00c9NES SOMOS? - Estudio EUSA","og_description":"[vc_row full_width=\u00bbstretch_row_content_no_spaces\u00bb][vc_column][vc_banner_title style=\u00bbbig\u00bb color_style=\u00bblight\u00bb subtitle=\u00bbNUESTRO EQUIPO\u00bb title=\u00bbPreparados para todo\u00bb img=\u00bb724&#8243; enable_overlay=\u00bbtrue\u00bb enable_fullheight=\u00bbtrue\u00bb columns=\u00bb%5B%7B%7D%5D\u00bb][\/vc_banner_title][\/vc_column][\/vc_row][vc_row css=\u00bb.vc_custom_1540214936211{padding-top: 40px !important;}\u00bb][vc_column width=\u00bb1\/2&#8243;][vc_empty_space height=\u00bb70&#8243;][vc_counters border_size=\u00bb10px\u00bb color_figure=\u00bb#7a7a7a\u00bb","og_url":"https:\/\/estudioeusa.org\/index.php\/quienes-somos\/","og_site_name":"Estudio EUSA","article_modified_time":"2021-12-28T11:32:16+00:00","twitter_card":"summary_large_image","twitter_misc":{"Tiempo de lectura":"3 minutos"},"schema":{"@context":"https:\/\/schema.org","@graph":[{"@type":"WebPage","@id":"https:\/\/estudioeusa.org\/index.php\/quienes-somos\/","url":"https:\/\/estudioeusa.org\/index.php\/quienes-somos\/","name":"\u00bfQUI\u00c9NES SOMOS? - Estudio EUSA","isPartOf":{"@id":"https:\/\/estudioeusa.org\/#website"},"datePublished":"2018-10-19T11:05:58+00:00","dateModified":"2021-12-28T11:32:16+00:00","breadcrumb":{"@id":"https:\/\/estudioeusa.org\/index.php\/quienes-somos\/#breadcrumb"},"inLanguage":"es","potentialAction":[{"@type":"ReadAction","target":["https:\/\/estudioeusa.org\/index.php\/quienes-somos\/"]}]},{"@type":"BreadcrumbList","@id":"https:\/\/estudioeusa.org\/index.php\/quienes-somos\/#breadcrumb","itemListElement":[{"@type":"ListItem","position":1,"name":"Portada","item":"https:\/\/estudioeusa.org\/"},{"@type":"ListItem","position":2,"name":"\u00bfQUI\u00c9NES SOMOS?"}]},{"@type":"WebSite","@id":"https:\/\/estudioeusa.org\/#website","url":"https:\/\/estudioeusa.org\/","name":"Estudio EUSA","description":"Arquitectura y Urbanismo","potentialAction":[{"@type":"SearchAction","target":{"@type":"EntryPoint","urlTemplate":"https:\/\/estudioeusa.org\/?s={search_term_string}"},"query-input":{"@type":"PropertyValueSpecification","valueRequired":true,"valueName":"search_term_string"}}],"inLanguage":"es"}]}},"_links":{"self":[{"href":"https:\/\/estudioeusa.org\/index.php\/wp-json\/wp\/v2\/pages\/510","targetHints":{"allow":["GET"]}}],"collection":[{"href":"https:\/\/estudioeusa.org\/index.php\/wp-json\/wp\/v2\/pages"}],"about":[{"href":"https:\/\/estudioeusa.org\/index.php\/wp-json\/wp\/v2\/types\/page"}],"author":[{"embeddable":true,"href":"https:\/\/estudioeusa.org\/index.php\/wp-json\/wp\/v2\/users\/2"}],"replies":[{"embeddable":true,"href":"https:\/\/estudioeusa.org\/index.php\/wp-json\/wp\/v2\/comments?post=510"}],"version-history":[{"count":57,"href":"https:\/\/estudioeusa.org\/index.php\/wp-json\/wp\/v2\/pages\/510\/revisions"}],"predecessor-version":[{"id":1678,"href":"https:\/\/estudioeusa.org\/index.php\/wp-json\/wp\/v2\/pages\/510\/revisions\/1678"}],"wp:attachment":[{"href":"https:\/\/estudioeusa.org\/index.php\/wp-json\/wp\/v2\/media?parent=510"}],"curies":[{"name":"wp","href":"https:\/\/api.w.org\/{rel}","templated":true}]}}