{"id":514,"date":"2018-10-19T11:05:59","date_gmt":"2018-10-19T11:05:59","guid":{"rendered":"http:\/\/estudioeusa.org\/?page_id=514"},"modified":"2021-12-29T14:05:44","modified_gmt":"2021-12-29T14:05:44","slug":"el-estudio","status":"publish","type":"page","link":"https:\/\/estudioeusa.org\/index.php\/el-estudio\/","title":{"rendered":"EL ESTUDIO"},"content":{"rendered":"<p>[vc_row full_width=\u00bbstretch_row_content_no_spaces\u00bb][vc_column][vc_banner_title color_style=\u00bblight\u00bb subtitle=\u00bbEL ESTUDIO\u00bb title=\u00bbNuestro Recorrido\u00bb img=\u00bb1080&#8243; enable_overlay=\u00bbtrue\u00bb enable_fullheight=\u00bbtrue\u00bb columns=\u00bb%5B%7B%7D%5D\u00bb][\/vc_banner_title][\/vc_column][\/vc_row][vc_row][vc_column][vc_empty_space height=\u00bb100&#8243;][vc_single_image image=\u00bb490&#8243; alignment=\u00bbcenter\u00bb][vc_column_text]<\/p>\n<h1 style=\"text-align: center;\"><strong>Estudio EUSA<\/strong><\/h1>\n<p style=\"text-align: center;\">M\u00e1s de 45 a\u00f1os de experiencia en el \u00e1mbito del Urbanismo y la Arquitectura nos avalan.<\/p>\n<p style=\"text-align: center;\">Experiencia, renovaci\u00f3n e impulso creativo son las premisas del actual estudio EUSA, compuesto por un equipo pluridisciplinar de arquitectos, arquitectos t\u00e9cnicos e ingenieros, con capacidad demostrada de realizar grandes retos. Sirva este documento gr\u00e1fico como demostraci\u00f3n de lo que nos une, la creaci\u00f3n compartida y sobre todo, la Arquitectura.<\/p>\n<p>&nbsp;<\/p>\n<p style=\"text-align: center;\">Contin\u00faan etapas de desarrollo de Arquitectura, con Proyectos singulares de Rehabilitaci\u00f3n y una producci\u00f3n muy satisfactoria de proyectos de obra nueva, tanto de equipamiento y dotaciones, como terciarios, industriales y residenciales.<\/p>\n<p>[\/vc_column_text][vc_empty_space height=\u00bb100&#8243;][\/vc_column][\/vc_row][vc_row full_width=\u00bbstretch_row_content_no_spaces\u00bb css=\u00bb.vc_custom_1540301246636{margin-top: 50px !important;margin-bottom: 50px !important;}\u00bb][vc_column][vc_banner_title style=\u00bbbig\u00bb img=\u00bb1124&#8243; enable_overlay=\u00bbtrue\u00bb columns=\u00bb%5B%7B%7D%5D\u00bb][\/vc_banner_title][\/vc_column][\/vc_row][vc_row][vc_column width=\u00bb1\/2&#8243;][vc_headings subtitle=\u00bbEstudio EUSA y\u00bb title=\u00bbPremios\u00bb][\/vc_headings][\/vc_column][vc_column width=\u00bb1\/2&#8243;][\/vc_column][\/vc_row][vc_row][vc_column width=\u00bb1\/2&#8243;][vc_awards list_awards=\u00bb%5B%7B%22year%22%3A%222009%22%2C%22subtitle%22%3A%22Proyecto%20ganador%20del%20Concurso%20para%20la%20Redacci%C3%B3n%20de%20240%20viviendas%20VPPAOC-J%2C%20Plan%20Joven%2C%20para%20ARPEGIO%20en%20el%20SECTOR%20PP-03%20%5C%22Buenavista%5C%22%20de%20Getafe%22%2C%22separator%22%3A%22true%22%7D%2C%7B%22year%22%3A%222007%22%2C%22subtitle%22%3A%22Proyecto%20ganador%20del%20Concurso%20para%20la%20Redacci%C3%B3n%20de%20166%20viviendas%20VPP%20de%20Car%C3%A1cter%20Bioclim%C3%A1tico%20en%20Parla%2C%20Madrid.%22%2C%22separator%22%3A%22true%22%7D%2C%7B%22year%22%3A%221996%22%2C%22subtitle%22%3A%22Proyecto%20de%20Ejecuci%C3%B3n%20ganador%20de%20Concurso%20de%20126%20viviendas%20de%20P.O.%20garajes%20y%20trasteros%20para%20la%20Junta%20de%20Castilla%20y%20Le%C3%B3n%20en%20las%20Flores%2C%20Valladolid.%22%2C%22separator%22%3A%22true%22%7D%2C%7B%22year%22%3A%221994%22%2C%22subtitle%22%3A%221er.%20Premio%20del%20Concurso%20de%20Ideas%20para%20la%20implantaci%C3%B3n%20de%20Edificio%20de%20Oficinas%20en%20el%20Pol%C3%ADgono%204%C2%BA%20de%20la%20Avenida%20de%20La%20Paz%20Madrid%2C%20para%20INFOINVEST%2C%20S.A.%22%2C%22separator%22%3A%22true%22%7D%5D\u00bb][\/vc_column][vc_column width=\u00bb1\/2&#8243;][vc_awards list_awards=\u00bb%5B%7B%22year%22%3A%222007%22%2C%22subtitle%22%3A%22Proyecto%20ganador%20del%20Concurso%20para%20la%20Redacci%C3%B3n%20de%20272%20viviendas%20VPP%20en%20%5C%22La%20Tener%C3%ADa%5C%22%20de%20Pinto%2C%20Madrid.%22%2C%22separator%22%3A%22true%22%7D%2C%7B%22year%22%3A%222000%22%2C%22subtitle%22%3A%22Proyecto%20B%C3%A1sico%20y%20de%20Ejecuci%C3%B3n%20de%20Aulario%20y%20Biblioteca%20para%20la%20Facultad%20de%20C.C%20Qu%C3%ADmicas%20de%20la%20Universidad%20Complutense%20de%20Madrid%22%2C%22separator%22%3A%22true%22%7D%2C%7B%22year%22%3A%221996%22%2C%22subtitle%22%3A%22Proyecto%20ganador%20concurso%20de%2047%20viviendas%20de%20P.O.%20para%20el%20INVIFAS%20en%20Segovia.%22%2C%22separator%22%3A%22true%22%7D%5D\u00bb][\/vc_column][\/vc_row][vc_row][vc_column][vc_empty_space height=\u00bb100&#8243;][\/vc_column][\/vc_row][vc_row][vc_column width=\u00bb1\/2&#8243;][vc_headings subtitle=\u00bb\u00edndice\u00bb title=\u00bbObras m\u00e1s significativas\u00bb][\/vc_headings][vc_awards list_awards=\u00bb%5B%7B%22year%22%3A%22%C2%B7%22%2C%22title%22%3A%221.%20Obra%20reciente%22%2C%22separator%22%3A%22true%22%7D%5D\u00bb][vc_column_text]<\/p>\n<p style=\"padding-left: 90px;\"><a href=\"https:\/\/estudioeusa.org\/index.php\/services-item\/colegio-mayor-el-faro\/\">Colegio Mayor el Faro, en Madrid (2016)<\/a><\/p>\n<p style=\"padding-left: 90px;\"><a href=\"https:\/\/estudioeusa.org\/index.php\/services-item\/emilia-pardo-bazan\/\">Residencia Universitaria Emilia Pardo Baz\u00e1n, en Madrid (2018<\/a>)<\/p>\n<p style=\"padding-left: 90px;\"><a href=\"https:\/\/estudioeusa.org\/index.php\/services-item\/granada\/\">Residencia Universitaria San Ignacio de Loyola, en Granada (2019)<\/a><\/p>\n<p style=\"padding-left: 90px;\">Hotel Universitario en Av. Naranjos, en Valencia (Anteproyecto)<\/p>\n<p style=\"padding-left: 90px;\"><a href=\"https:\/\/estudioeusa.org\/index.php\/services-item\/residencia-hostal\/\">Residencia Universitaria en calle Juan Gris, en M\u00e1laga (2020)<\/a><\/p>\n<p style=\"padding-left: 90px;\"><a href=\"https:\/\/estudioeusa.org\/index.php\/services-item\/residencia-teatinos\/\">Residencia Universitaria en Teatinos, en M\u00e1laga (2021)<\/a><\/p>\n<p style=\"padding-left: 90px;\"><a href=\"https:\/\/estudioeusa.org\/index.php\/services-item\/consejo-general-enfermeria\/\">Sede Consejo General Enfermer\u00eda, en Aravaca, Madrid (2021)<\/a><\/p>\n<p style=\"padding-left: 90px;\">Residencia Universitaria en Getafe, en Madrid (en ejecuci\u00f3n)<\/p>\n<p>[\/vc_column_text][vc_awards list_awards=\u00bb%5B%7B%22year%22%3A%22%C2%B7%22%2C%22title%22%3A%222.%5CtEdificios%20de%20usos%20terciarios%2C%20dotacional%20y%20de%20equipamiento%22%2C%22separator%22%3A%22true%22%7D%5D\u00bb][vc_column_text]<\/p>\n<p style=\"padding-left: 90px;\">Centro Geri\u00e1trico en Avenida del Talgo, en Madrid (2000)<\/p>\n<p style=\"padding-left: 90px;\">Aulario y Biblioteca Facultad de CC Qu\u00edmicas, U.C, en Madrid (2000)<\/p>\n<p style=\"padding-left: 90px;\"><a href=\"https:\/\/estudioeusa.org\/index.php\/services-item\/teatro-municipal-francisco-rabal\/\">Teatro Municipal Francisco Rabal, en Pinto (2003)<\/a><\/p>\n<p style=\"padding-left: 90px;\">Complejo Residencial para Mayores, Av los Poblados, en Madrid (2003)<\/p>\n<p style=\"padding-left: 90px;\">Biblioteca, Ludoteca y Bebeteca Municipal de Pinto, en Madrid (2010)<\/p>\n<p>[\/vc_column_text][vc_awards list_awards=\u00bb%5B%7B%22year%22%3A%22%C2%B7%22%2C%22title%22%3A%223.%20Edificios%20hoteleros%2C%20de%20ocio%20y%20de%20oficinas%22%2C%22separator%22%3A%22true%22%7D%5D\u00bb][vc_column_text]<\/p>\n<p style=\"padding-left: 90px;\">Proyecto de Ampliaci\u00f3n Centro Comercial Baricentro, en Barcelona (2013)<\/p>\n<p style=\"padding-left: 90px;\">Hotel Sostenible en Javea, Alicante (2014)<\/p>\n<p style=\"padding-left: 90px;\"><a href=\"https:\/\/estudioeusa.org\/index.php\/services-item\/hotel-tribeca\/\">Hotel H10 Tribeca, en Madrid (2015)<\/a><\/p>\n<p style=\"padding-left: 90px;\">Hotel \u00a0Puerta de Alcal\u00e1, en Madrid (2016)<\/p>\n<p style=\"padding-left: 90px;\"><a href=\"https:\/\/estudioeusa.org\/index.php\/services-item\/hotel-barcelo-foxa\/\">Hotel Barcel\u00f3-Imagine Fox\u00e1, en Madrid (2017)<\/a><\/p>\n<p style=\"padding-left: 90px;\"><a href=\"https:\/\/estudioeusa.org\/index.php\/hotelbarcelofoxa\/\">Ampliaci\u00f3n del Hotel Barcel\u00f3-Imagine Fox\u00e1, en Madrid (2021)<\/a><\/p>\n<p>[\/vc_column_text][vc_awards list_awards=\u00bb%5B%7B%22year%22%3A%22%C2%B7%22%2C%22title%22%3A%224.%20Edificios%20Industriales%22%2C%22separator%22%3A%22true%22%7D%5D\u00bb][vc_column_text]<\/p>\n<p style=\"padding-left: 90px;\">Edificio para Concesionario Opel para Motorleyva, en Madrid (1986)<\/p>\n<p style=\"padding-left: 90px;\">Naves de Exposici\u00f3n en Parque Industrial del Bierzo en Ponferrada (1991)<\/p>\n<p style=\"padding-left: 90px;\">Edificio para Concesionario SELIAUTO en Legan\u00e9s (2009)<\/p>\n<p>[\/vc_column_text][vc_awards list_awards=\u00bb%5B%7B%22year%22%3A%22%C2%B7%22%2C%22title%22%3A%225.%20Rehabilitaci%C3%B3n%22%2C%22separator%22%3A%22true%22%7D%5D\u00bb][vc_column_text]<\/p>\n<p style=\"padding-left: 90px;\">Rehabilitaci\u00f3n de edificio de oficinas en Castellana 9 y 11, en Madrid (1991)<\/p>\n<p style=\"padding-left: 90px;\">Rehabilitaci\u00f3n de edificio de viviendas en Plaza Mayor 30, en Madrid (1995)<\/p>\n<p style=\"padding-left: 90px;\">Rehabilitaci\u00f3n de edificio de viviendas en C\/ Conde Xiquena 3, en Madrid (2002)<\/p>\n<p style=\"padding-left: 90px;\">Rehabilitaci\u00f3n de Iglesia Rom\u00e1nica en Santo Domingo de Pir\u00f3n, Segovia (2002)<\/p>\n<p>[\/vc_column_text][vc_awards list_awards=\u00bb%5B%7B%22year%22%3A%22%C2%B7%22%2C%22title%22%3A%226.%20Residenciales%22%2C%22separator%22%3A%22true%22%7D%5D\u00bb][vc_column_text]<\/p>\n<p style=\"padding-left: 90px;\">126 viviendas en Las Flores, Valladolid (1996)<\/p>\n<p style=\"padding-left: 90px;\">70 viviendas PT en el Ensanche de Vallecas (2004)<\/p>\n<p style=\"padding-left: 90px;\">166 viviendas VPP bioclim\u00e1ticas en Parla (2009)<\/p>\n<p style=\"padding-left: 90px;\">215 viviendas VPPA OC en La Tener\u00eda, Pinto (2009)<\/p>\n<p style=\"padding-left: 90px;\">240 viviendas VPPA-J en \u00abBuenavista\u00bb, Getafe (2012)<\/p>\n<p style=\"padding-left: 90px;\">106 viviendas VPP\u00a0 en La Tener\u00eda, Pinto (2012)<\/p>\n<p>[\/vc_column_text][\/vc_column][vc_column width=\u00bb1\/2&#8243;][vc_headings title=\u00bbNuestro CV\u00bb]EUSA es un estudio multidisciplinar con sede en Madrid. Desde su fundaci\u00f3n en 1973, el proyecto de un grupo de profesionales liberales relacionado\u00a0 con la Arquitectura ha ido creciendo en creatividad, eficacia, dise\u00f1o, renovaci\u00f3n e ilusi\u00f3n.<\/p>\n<p>Nuestro CV demuestra todo lo que hacemos hecho y todo lo que somos capaces hacer en Arquitectura. En las distintas etapas del estudio se ha dado cumplida respuesta a lo demandado por nuestros clientes, desde el Urbanismo inicial con Planeamiento en toda Espa\u00f1a, hasta la Rehabilitaci\u00f3n, la edificaci\u00f3n Residencial con m\u00e1s de 9.500 viviendas proyectadas, las edificaciones Dotacionales, Industriales, y singulares, llegando al momento actual en las que hemos desarrollado distintos proyectos de edificios Residenciales comunitarias p\u00fablicos Colegios Mayores o Residencia Universitarias.[\/vc_headings][vc_btn title=\u00bbDescargar\u00bb style=\u00bbflat\u00bb shape=\u00bbsquare\u00bb color=\u00bbblack\u00bb align=\u00bbcenter\u00bb css_animation=\u00bbfadeInUp\u00bb button_block=\u00bbtrue\u00bb link=\u00bburl:http%3A%2F%2Festudioeusa.org%2Fwp-content%2Fuploads%2F2019%2F02%2FCV-EUSA-WEB.pdf||target:%20_blank|\u00bb][vc_headings title=\u00bbDossier Residencias Universitarias\u00bb]En los \u00faltimos a\u00f1os EUSA ha realizado distintos proyectos de Residencias Universitarias en Espa\u00f1a, siendo uno de los estudios de Arquitectura con m\u00e1s experiencia en el dise\u00f1o y rentabilidad de inversi\u00f3n de esta tipolog\u00eda edificatoria.[\/vc_headings][vc_btn title=\u00bbDescargar\u00bb style=\u00bbflat\u00bb shape=\u00bbsquare\u00bb color=\u00bbblack\u00bb align=\u00bbcenter\u00bb css_animation=\u00bbfadeInUp\u00bb button_block=\u00bbtrue\u00bb link=\u00bburl:https%3A%2F%2Festudioeusa.org%2Fwp-content%2Fuploads%2F2021%2F12%2FRESIDENCIAS_EUSA.pdf||target:%20_blank|\u00bb][\/vc_column][\/vc_row][vc_row][vc_column][vc_empty_space height=\u00bb100&#8243;][\/vc_column][\/vc_row]<\/p>\n","protected":false},"excerpt":{"rendered":"<p>[vc_row full_width=\u00bbstretch_row_content_no_spaces\u00bb][vc_column][vc_banner_title color_style=\u00bblight\u00bb subtitle=\u00bbEL ESTUDIO\u00bb title=\u00bbNuestro Recorrido\u00bb img=\u00bb1080&#8243; enable_overlay=\u00bbtrue\u00bb enable_fullheight=\u00bbtrue\u00bb columns=\u00bb%5B%7B%7D%5D\u00bb][\/vc_banner_title][\/vc_column][\/vc_row][vc_row][vc_column][vc_empty_space height=\u00bb100&#8243;][vc_single_image image=\u00bb490&#8243; alignment=\u00bbcenter\u00bb][vc_column_text] Estudio EUSA M\u00e1s de 45 a\u00f1os<\/p>\n","protected":false},"author":2,"featured_media":0,"parent":0,"menu_order":0,"comment_status":"closed","ping_status":"closed","template":"","meta":{"footnotes":""},"class_list":["post-514","page","type-page","status-publish","hentry"],"yoast_head":"<!-- This site is optimized with the Yoast SEO plugin v26.7 - https:\/\/yoast.com\/wordpress\/plugins\/seo\/ -->\n<title>EL ESTUDIO - Estudio EUSA<\/title>\n<meta name=\"robots\" content=\"index, follow, max-snippet:-1, max-image-preview:large, max-video-preview:-1\" \/>\n<link rel=\"canonical\" href=\"https:\/\/estudioeusa.org\/index.php\/el-estudio\/\" \/>\n<meta property=\"og:locale\" content=\"es_ES\" \/>\n<meta property=\"og:type\" content=\"article\" \/>\n<meta property=\"og:title\" content=\"EL ESTUDIO - Estudio EUSA\" \/>\n<meta property=\"og:description\" content=\"[vc_row full_width=\u00bbstretch_row_content_no_spaces\u00bb][vc_column][vc_banner_title color_style=\u00bblight\u00bb subtitle=\u00bbEL ESTUDIO\u00bb title=\u00bbNuestro Recorrido\u00bb img=\u00bb1080&#8243; enable_overlay=\u00bbtrue\u00bb enable_fullheight=\u00bbtrue\u00bb columns=\u00bb%5B%7B%7D%5D\u00bb][\/vc_banner_title][\/vc_column][\/vc_row][vc_row][vc_column][vc_empty_space height=\u00bb100&#8243;][vc_single_image image=\u00bb490&#8243; alignment=\u00bbcenter\u00bb][vc_column_text] Estudio EUSA M\u00e1s de 45 a\u00f1os\" \/>\n<meta property=\"og:url\" content=\"https:\/\/estudioeusa.org\/index.php\/el-estudio\/\" \/>\n<meta property=\"og:site_name\" content=\"Estudio EUSA\" \/>\n<meta property=\"article:modified_time\" content=\"2021-12-29T14:05:44+00:00\" \/>\n<meta name=\"twitter:card\" content=\"summary_large_image\" \/>\n<meta name=\"twitter:label1\" content=\"Tiempo de lectura\" \/>\n\t<meta name=\"twitter:data1\" content=\"3 minutos\" \/>\n<script type=\"application\/ld+json\" class=\"yoast-schema-graph\">{\"@context\":\"https:\/\/schema.org\",\"@graph\":[{\"@type\":\"WebPage\",\"@id\":\"https:\/\/estudioeusa.org\/index.php\/el-estudio\/\",\"url\":\"https:\/\/estudioeusa.org\/index.php\/el-estudio\/\",\"name\":\"EL ESTUDIO - Estudio EUSA\",\"isPartOf\":{\"@id\":\"https:\/\/estudioeusa.org\/#website\"},\"datePublished\":\"2018-10-19T11:05:59+00:00\",\"dateModified\":\"2021-12-29T14:05:44+00:00\",\"breadcrumb\":{\"@id\":\"https:\/\/estudioeusa.org\/index.php\/el-estudio\/#breadcrumb\"},\"inLanguage\":\"es\",\"potentialAction\":[{\"@type\":\"ReadAction\",\"target\":[\"https:\/\/estudioeusa.org\/index.php\/el-estudio\/\"]}]},{\"@type\":\"BreadcrumbList\",\"@id\":\"https:\/\/estudioeusa.org\/index.php\/el-estudio\/#breadcrumb\",\"itemListElement\":[{\"@type\":\"ListItem\",\"position\":1,\"name\":\"Portada\",\"item\":\"https:\/\/estudioeusa.org\/\"},{\"@type\":\"ListItem\",\"position\":2,\"name\":\"EL ESTUDIO\"}]},{\"@type\":\"WebSite\",\"@id\":\"https:\/\/estudioeusa.org\/#website\",\"url\":\"https:\/\/estudioeusa.org\/\",\"name\":\"Estudio EUSA\",\"description\":\"Arquitectura y Urbanismo\",\"potentialAction\":[{\"@type\":\"SearchAction\",\"target\":{\"@type\":\"EntryPoint\",\"urlTemplate\":\"https:\/\/estudioeusa.org\/?s={search_term_string}\"},\"query-input\":{\"@type\":\"PropertyValueSpecification\",\"valueRequired\":true,\"valueName\":\"search_term_string\"}}],\"inLanguage\":\"es\"}]}<\/script>\n<!-- \/ Yoast SEO plugin. -->","yoast_head_json":{"title":"EL ESTUDIO - Estudio EUSA","robots":{"index":"index","follow":"follow","max-snippet":"max-snippet:-1","max-image-preview":"max-image-preview:large","max-video-preview":"max-video-preview:-1"},"canonical":"https:\/\/estudioeusa.org\/index.php\/el-estudio\/","og_locale":"es_ES","og_type":"article","og_title":"EL ESTUDIO - Estudio EUSA","og_description":"[vc_row full_width=\u00bbstretch_row_content_no_spaces\u00bb][vc_column][vc_banner_title color_style=\u00bblight\u00bb subtitle=\u00bbEL ESTUDIO\u00bb title=\u00bbNuestro Recorrido\u00bb img=\u00bb1080&#8243; enable_overlay=\u00bbtrue\u00bb enable_fullheight=\u00bbtrue\u00bb columns=\u00bb%5B%7B%7D%5D\u00bb][\/vc_banner_title][\/vc_column][\/vc_row][vc_row][vc_column][vc_empty_space height=\u00bb100&#8243;][vc_single_image image=\u00bb490&#8243; alignment=\u00bbcenter\u00bb][vc_column_text] Estudio EUSA M\u00e1s de 45 a\u00f1os","og_url":"https:\/\/estudioeusa.org\/index.php\/el-estudio\/","og_site_name":"Estudio EUSA","article_modified_time":"2021-12-29T14:05:44+00:00","twitter_card":"summary_large_image","twitter_misc":{"Tiempo de lectura":"3 minutos"},"schema":{"@context":"https:\/\/schema.org","@graph":[{"@type":"WebPage","@id":"https:\/\/estudioeusa.org\/index.php\/el-estudio\/","url":"https:\/\/estudioeusa.org\/index.php\/el-estudio\/","name":"EL ESTUDIO - Estudio EUSA","isPartOf":{"@id":"https:\/\/estudioeusa.org\/#website"},"datePublished":"2018-10-19T11:05:59+00:00","dateModified":"2021-12-29T14:05:44+00:00","breadcrumb":{"@id":"https:\/\/estudioeusa.org\/index.php\/el-estudio\/#breadcrumb"},"inLanguage":"es","potentialAction":[{"@type":"ReadAction","target":["https:\/\/estudioeusa.org\/index.php\/el-estudio\/"]}]},{"@type":"BreadcrumbList","@id":"https:\/\/estudioeusa.org\/index.php\/el-estudio\/#breadcrumb","itemListElement":[{"@type":"ListItem","position":1,"name":"Portada","item":"https:\/\/estudioeusa.org\/"},{"@type":"ListItem","position":2,"name":"EL ESTUDIO"}]},{"@type":"WebSite","@id":"https:\/\/estudioeusa.org\/#website","url":"https:\/\/estudioeusa.org\/","name":"Estudio EUSA","description":"Arquitectura y Urbanismo","potentialAction":[{"@type":"SearchAction","target":{"@type":"EntryPoint","urlTemplate":"https:\/\/estudioeusa.org\/?s={search_term_string}"},"query-input":{"@type":"PropertyValueSpecification","valueRequired":true,"valueName":"search_term_string"}}],"inLanguage":"es"}]}},"_links":{"self":[{"href":"https:\/\/estudioeusa.org\/index.php\/wp-json\/wp\/v2\/pages\/514","targetHints":{"allow":["GET"]}}],"collection":[{"href":"https:\/\/estudioeusa.org\/index.php\/wp-json\/wp\/v2\/pages"}],"about":[{"href":"https:\/\/estudioeusa.org\/index.php\/wp-json\/wp\/v2\/types\/page"}],"author":[{"embeddable":true,"href":"https:\/\/estudioeusa.org\/index.php\/wp-json\/wp\/v2\/users\/2"}],"replies":[{"embeddable":true,"href":"https:\/\/estudioeusa.org\/index.php\/wp-json\/wp\/v2\/comments?post=514"}],"version-history":[{"count":57,"href":"https:\/\/estudioeusa.org\/index.php\/wp-json\/wp\/v2\/pages\/514\/revisions"}],"predecessor-version":[{"id":1729,"href":"https:\/\/estudioeusa.org\/index.php\/wp-json\/wp\/v2\/pages\/514\/revisions\/1729"}],"wp:attachment":[{"href":"https:\/\/estudioeusa.org\/index.php\/wp-json\/wp\/v2\/media?parent=514"}],"curies":[{"name":"wp","href":"https:\/\/api.w.org\/{rel}","templated":true}]}}